{"id":8066,"date":"2025-08-06T13:33:14","date_gmt":"2025-08-06T11:33:14","guid":{"rendered":"https:\/\/dinhjelper.com\/personvernpolicy\/"},"modified":"2025-11-07T12:21:43","modified_gmt":"2025-11-07T11:21:43","slug":"personvernpolicy","status":"publish","type":"page","link":"https:\/\/dinhjelper.com\/no\/personvernpolicy\/","title":{"rendered":"Personvernpolicy"},"content":{"rendered":"<p>[et_pb_section fb_built=&raquo;1&#8243; admin_label=&raquo;section&raquo; _builder_version=&raquo;4.16&#8243; global_colors_info=&raquo;{}&raquo;][et_pb_row admin_label=&raquo;row&raquo; _builder_version=&raquo;4.16&#8243; background_size=&raquo;initial&raquo; background_position=&raquo;top_left&raquo; background_repeat=&raquo;repeat&raquo; global_colors_info=&raquo;{}&raquo;][et_pb_column type=&raquo;4_4&#8243; _builder_version=&raquo;4.16&#8243; custom_padding=&raquo;|||&raquo; global_colors_info=&raquo;{}&raquo; custom_padding__hover=&raquo;|||&raquo;][et_pb_text admin_label=&raquo;Text&raquo; _builder_version=&raquo;4.27.4&#8243; background_size=&raquo;initial&raquo; background_position=&raquo;top_left&raquo; background_repeat=&raquo;repeat&raquo; hover_enabled=&raquo;0&#8243; global_colors_info=&raquo;{}&raquo; sticky_enabled=&raquo;0&#8243;]<\/p>\n<p>I samsvar med forordning (EU) 2016\/679 fra Europaparlamentet og r\u00e5det av 27. april 2016 om beskyttelse av fysiske personer i forbindelse med behandling av personopplysninger, som opphever direktiv 95\/46\/EF (heretter kalt GDPR), lov 34\/2002 av 11. juli om tjenester i informasjonssamfunnet og elektronisk handel (heretter kalt LSSI-CE) og organisk lov 3\/2018 om beskyttelse av personopplysninger og garanti for digitale rettigheter (heretter LOPDGDD), garanterer DINHJELPER beskyttelse og konfidensialitet av personopplysninger av enhver art som v\u00e5re kunder gir oss, i samsvar med bestemmelsene i den generelle forordningen om beskyttelse av personopplysninger.<\/p>\n<p>Opplysningene som gis vil bli behandlet i henhold til vilk\u00e5rene fastsatt i GDPR. I denne forbindelse har DINHJELPER innf\u00f8rt de lovp\u00e5lagte beskyttelsesniv\u00e5ene og iverksatt alle tekniske tiltak som st\u00e5r til r\u00e5dighet for \u00e5 forhindre tap, misbruk, endring og uautorisert tilgang fra tredjeparter, som beskrevet nedenfor. Brukeren m\u00e5 imidlertid v\u00e6re klar over at sikkerhetstiltak p\u00e5 Internett ikke er ugjennomtrengelige. <\/p>\n<p>&nbsp;<\/p>\n<p>Ansvarlig for behandlingen<\/p>\n<p>Domenenavn: DINHJELPER.COM<\/p>\n<p>Handelsnavn: DINHJELPER<\/p>\n<p>Firmanavn: DINHJELPER, S.L.<\/p>\n<p>CIF: B44996429<\/p>\n<p>Hovedkontor: AVDA. PAIS VALENCIA 18 &#8211; ALFAZ DEL PI &#8211; 03580 \u2013 ALICANTE <\/p>\n<p>Telefon: 670 388 087<\/p>\n<p>Email: info@dinhjelper.com<\/p>\n<p>&nbsp;<\/p>\n<p>Form\u00e5l med behandlingen<\/p>\n<p>Alle opplysninger som v\u00e5re kunder og\/eller bes\u00f8kende oppgir p\u00e5 DINHJELPERs nettside eller til v\u00e5re ansatte, vil bli registrert i et register over behandling av personopplysninger, opprettet og vedlikeholdt under DINHJELPERs ansvar, som er n\u00f8dvendig for \u00e5 kunne levere de tjenestene brukerne ettersp\u00f8r, eller for \u00e5 besvare sp\u00f8rsm\u00e5l eller tvil som v\u00e5re bes\u00f8kende m\u00e5tte ha. V\u00e5r policy er \u00e5 ikke lage profiler av brukerne av v\u00e5re tjenester. <\/p>\n<p>&nbsp;<\/p>\n<p>Legitimitet av behandlingen<\/p>\n<p>Kontraktsforhold: Dette gjelder n\u00e5r du kj\u00f8per et av v\u00e5re produkter eller bestiller en av v\u00e5re tjenester.<\/p>\n<p>&nbsp;<\/p>\n<p>Berettiget interesse: For \u00e5 besvare sp\u00f8rsm\u00e5l og klager du sender oss, og for \u00e5 h\u00e5ndtere innkreving av skyldige bel\u00f8p.<\/p>\n<p>&nbsp;<\/p>\n<p>Ditt samtykke: Hvis du er bruker av nettstedet v\u00e5rt, gir du oss ved \u00e5 krysse av i ruten i kontaktskjemaet tillatelse til \u00e5 sende deg de n\u00f8dvendige meldingene for \u00e5 svare p\u00e5 din henvendelse eller foresp\u00f8rsel om informasjon.<\/p>\n<p>&nbsp;<\/p>\n<p>Destinatarios<\/p>\n<p>Vi gir ikke dine personopplysninger til noen, med unntak av offentlige eller private instanser som vi er forpliktet til \u00e5 gi dine personopplysninger til for \u00e5 overholde lovgivningen. For eksempel krever skatteloven at vi gir skattemyndighetene visse opplysninger om \u00f8konomiske transaksjoner som overstiger et bestemt bel\u00f8p. <\/p>\n<p>I tilfelle vi, utover de nevnte tilfellene, trenger \u00e5 videreformidle dine personopplysninger til andre enheter, vil vi p\u00e5 forh\u00e5nd be om din tillatelse gjennom klare valgmuligheter som lar deg ta en beslutning om dette.<\/p>\n<p>Kommunikasjon<\/p>\n<p>Vi vil ikke overf\u00f8re dine personopplysninger til utlandet for noen av de angitte form\u00e5lene.<\/p>\n<p>&nbsp;<\/p>\n<p>Bevaring<\/p>\n<p>Vi vil kun oppbevare dine personopplysninger s\u00e5 lenge det er n\u00f8dvendig for \u00e5 oppn\u00e5 form\u00e5let de ble samlet inn for. N\u00e5r vi fastsetter den aktuelle oppbevaringsperioden, vurderer vi risikoen ved behandlingen, samt v\u00e5re kontraktsmessige, lovmessige og regulatoriske forpliktelser, interne retningslinjer for oppbevaring av data og v\u00e5re legitime forretningsinteresser som beskrevet i denne personvernerkl\u00e6ringen og cookie-policyen. <\/p>\n<p>I denne forbindelse vil DINHJELPER oppbevare personopplysningene etter at forholdet til deg er avsluttet, beh\u00f8rig sperret, i l\u00f8pet av foreldelsesfristen for handlinger som kan f\u00f8lge av forholdet til den registrerte.<\/p>\n<p>N\u00e5r dataene er blokkert, vil de v\u00e6re utilgjengelige for DINHJELPER, og de vil ikke bli behandlet, bortsett fra for \u00e5 bli gjort tilgjengelige for offentlige myndigheter, dommere og domstoler, for \u00e5 ivareta eventuelle ansvar som oppst\u00e5r som f\u00f8lge av behandlingen, samt for \u00e5 ut\u00f8ve og forsvare krav overfor den spanske datatilsynsmyndigheten.<\/p>\n<p>&nbsp;<\/p>\n<p>Seguridad<\/p>\n<p>Vi gj\u00f8r v\u00e5rt ytterste for \u00e5 opprettholde konfidensialiteten til personlig informasjon som behandles i v\u00e5re systemer. Vi opprettholder strenge sikkerhetsniv\u00e5er for \u00e5 beskytte personopplysninger vi behandler mot utilsiktet tap og uautorisert tilgang, behandling eller avsl\u00f8ring, med tanke p\u00e5 teknologiske forhold, opplysningenes art og risikoen de er utsatt for. Vi kan imidlertid ikke holdes ansvarlige for din bruk av dataene (inkludert brukernavn og passord) som du bruker p\u00e5 v\u00e5r nettside. V\u00e5re ansatte f\u00f8lger strenge personvernregler, og dersom vi engasjerer tredjeparter for \u00e5 yte st\u00f8ttetjenester, krever vi at de f\u00f8lger de samme reglene og tillater oss \u00e5 kontrollere at de overholder dem.   <\/p>\n<p>&nbsp;<\/p>\n<p>Dine rettigheter<\/p>\n<p>Vi informerer deg om at du kan ut\u00f8ve f\u00f8lgende rettigheter:<\/p>\n<p>Rett til innsyn i dine personopplysninger, for \u00e5 vite hvilke opplysninger som behandles og hvilke behandlingsoperasjoner som utf\u00f8res med dem;<\/p>\n<p>Rett til \u00e5 korrigere uriktige personopplysninger;<\/p>\n<p>Rett til sletting av dine personopplysninger, n\u00e5r dette er mulig (for eksempel p\u00e5 grunn av lovkrav);<\/p>\n<p>Rett til begrensning av behandlingen av dine personopplysninger n\u00e5r n\u00f8yaktigheten, lovligheten eller n\u00f8dvendigheten av behandlingen av opplysningene er tvilsom. I slike tilfeller kan vi oppbevare opplysningene for \u00e5 kunne fremme eller forsvare krav.<\/p>\n<p>Rett til \u00e5 motsette seg behandling av dine personopplysninger n\u00e5r det er v\u00e5rt legitime interesse som er det rettslige grunnlaget for behandlingen. DINHJELPER vil slutte \u00e5 behandle dine opplysninger med mindre det foreligger et legitimt interesse eller det er n\u00f8dvendig for \u00e5 forsvare krav. <\/p>\n<p>Rett til overf\u00f8ring av dine data, n\u00e5r det juridiske grunnlaget som gir oss rett til \u00e5 behandle dem er eksistensen av et kontraktsforhold eller ditt samtykke.<\/p>\n<p>Rett til \u00e5 trekke tilbake samtykket gitt til DINHJELPER.<\/p>\n<p>For \u00e5 ut\u00f8ve dine rettigheter kan du gj\u00f8re det gratis og n\u00e5r som helst ved \u00e5 kontakte oss p\u00e5 adressen .<\/p>\n<p>&nbsp;<\/p>\n<p>Beskyttelse av rettigheter<\/p>\n<p>Hvis du mener at dine rettigheter har blitt krenket av v\u00e5r organisasjon, kan du sende inn en klage til det spanske datatilsynet (Agencia Espa\u00f1ola de Protecci\u00f3n de Datos) p\u00e5 en av f\u00f8lgende m\u00e5ter:<\/p>\n<p>Elektronisk adresse: https:\/\/www.aepd.es<\/p>\n<p>Postadresse: Agencia Espa\u00f1ola de Protecci\u00f3n de Datos, C\/ Jorge Juan, 6, 28001, Madrid<\/p>\n<p>Telefon: 901 100 099 og 912 663 517<\/p>\n<p>Det koster ingenting \u00e5 fremme en klage til det spanske datatilsynet, og det er ikke n\u00f8dvendig \u00e5 ha advokat eller fullmektig.<\/p>\n<p>&nbsp;<\/p>\n<p>Actualizaciones<\/p>\n<p>DINHJELPER forbeholder seg retten til \u00e5 endre denne policyen for \u00e5 tilpasse den til nye lovgivningsmessige eller rettslige endringer som kan p\u00e5virke overholdelsen av den.<\/p>\n<p>[\/et_pb_text][\/et_pb_column][\/et_pb_row][\/et_pb_section]<\/p>\n","protected":false},"excerpt":{"rendered":"<p>I samsvar med forordning (EU) 2016\/679 fra Europaparlamentet og r\u00e5det av 27. april 2016 om beskyttelse av fysiske personer i forbindelse med behandling av personopplysninger, som opphever direktiv 95\/46\/EF (heretter kalt GDPR), lov 34\/2002 av 11. juli om tjenester i informasjonssamfunnet og elektronisk handel (heretter kalt LSSI-CE) og organisk lov 3\/2018 om beskyttelse av personopplysninger [&hellip;]<\/p>\n","protected":false},"author":2,"featured_media":0,"parent":0,"menu_order":0,"comment_status":"closed","ping_status":"closed","template":"","meta":{"_et_pb_use_builder":"on","_et_pb_old_content":"","_et_gb_content_width":"","footnotes":""},"class_list":["post-8066","page","type-page","status-publish","hentry"],"_links":{"self":[{"href":"https:\/\/dinhjelper.com\/no\/wp-json\/wp\/v2\/pages\/8066","targetHints":{"allow":["GET"]}}],"collection":[{"href":"https:\/\/dinhjelper.com\/no\/wp-json\/wp\/v2\/pages"}],"about":[{"href":"https:\/\/dinhjelper.com\/no\/wp-json\/wp\/v2\/types\/page"}],"author":[{"embeddable":true,"href":"https:\/\/dinhjelper.com\/no\/wp-json\/wp\/v2\/users\/2"}],"replies":[{"embeddable":true,"href":"https:\/\/dinhjelper.com\/no\/wp-json\/wp\/v2\/comments?post=8066"}],"version-history":[{"count":2,"href":"https:\/\/dinhjelper.com\/no\/wp-json\/wp\/v2\/pages\/8066\/revisions"}],"predecessor-version":[{"id":8817,"href":"https:\/\/dinhjelper.com\/no\/wp-json\/wp\/v2\/pages\/8066\/revisions\/8817"}],"wp:attachment":[{"href":"https:\/\/dinhjelper.com\/no\/wp-json\/wp\/v2\/media?parent=8066"}],"curies":[{"name":"wp","href":"https:\/\/api.w.org\/{rel}","templated":true}]}}