{"id":7819,"date":"2025-06-13T16:35:46","date_gmt":"2025-06-13T14:35:46","guid":{"rendered":"https:\/\/dinhjelper.com\/tjenester\/"},"modified":"2026-03-06T17:07:21","modified_gmt":"2026-03-06T16:07:21","slug":"tjenester","status":"publish","type":"page","link":"https:\/\/dinhjelper.com\/no\/tjenester\/","title":{"rendered":"Eiendomstjenester"},"content":{"rendered":"<p>[et_pb_section fb_built=&raquo;1&#8243; next_background_color=&raquo;#fafafa&raquo; _builder_version=&raquo;4.27.4&#8243; _module_preset=&raquo;default&raquo; background_image=&raquo;https:\/\/dinhjelper.com\/wp-content\/uploads\/StockSnap_PF1TINGK8X-scaled-e1614090249147-2000&#215;1200-1.jpg&raquo; background_position=&raquo;top_center&raquo; min_height=&raquo;500px&raquo; bottom_divider_style=&raquo;arrow2&#8243; global_colors_info=&raquo;{}&raquo;][et_pb_row _builder_version=&raquo;4.27.4&#8243; _module_preset=&raquo;default&raquo; global_colors_info=&raquo;{}&raquo;][et_pb_column type=&raquo;4_4&#8243; _builder_version=&raquo;4.27.4&#8243; _module_preset=&raquo;default&raquo; global_colors_info=&raquo;{}&raquo;][et_pb_text _builder_version=&raquo;4.27.4&#8243; _module_preset=&raquo;76ad6a83-c584-4248-b9c5-19d7dd882a3d&raquo; header_4_text_align=&raquo;left&raquo; header_4_text_color=&raquo;#FFFFFF&raquo; header_4_font_size=&raquo;18px&raquo; text_orientation=&raquo;center&raquo; header_4_text_shadow_style=&raquo;preset2&#8243; global_colors_info=&raquo;{}&raquo;]<\/p>\n<h4>DINHJELPER.COM<\/h4>\n<p>[\/et_pb_text][et_pb_text _builder_version=&raquo;4.27.4&#8243; _module_preset=&raquo;397eba2c-5f76-47d7-b87e-b617fb434690&#8243; header_font=&raquo;||||||||&raquo; header_text_align=&raquo;left&raquo; header_text_color=&raquo;#FFFFFF&raquo; text_orientation=&raquo;center&raquo; header_text_shadow_style=&raquo;preset2&#8243; global_colors_info=&raquo;{}&raquo;]<\/p>\n<h1>TJENESTER<\/h1>\n<p>[\/et_pb_text][\/et_pb_column][\/et_pb_row][\/et_pb_section][et_pb_section fb_built=&raquo;1&#8243; module_id=&raquo;tjenester&raquo; _builder_version=&raquo;4.27.4&#8243; _module_preset=&raquo;default&raquo; background_color=&raquo;#fafafa&raquo; locked=&raquo;off&raquo; global_colors_info=&raquo;{}&raquo;][et_pb_row _builder_version=&raquo;4.27.4&#8243; _module_preset=&raquo;default&raquo; global_colors_info=&raquo;{}&raquo;][et_pb_column type=&raquo;4_4&#8243; _builder_version=&raquo;4.27.4&#8243; _module_preset=&raquo;default&raquo; global_colors_info=&raquo;{}&raquo;][et_pb_heading title=&raquo;Vi hjelper deg med&#8230;&raquo; _builder_version=&raquo;4.27.4&#8243; _module_preset=&raquo;default&raquo; title_level=&raquo;h2&#8243; title_text_align=&raquo;center&raquo; global_colors_info=&raquo;{}&raquo;][\/et_pb_heading][et_pb_text _builder_version=&raquo;4.27.6&#8243; _module_preset=&raquo;default&raquo; text_font=&raquo;|600|||||||&raquo; text_orientation=&raquo;center&raquo; hover_enabled=&raquo;0&#8243; global_colors_info=&raquo;{}&raquo; sticky_enabled=&raquo;0&#8243;]<\/p>\n<p><span class=\"jCAhz ChMk0b\"><span class=\"ryNqvb\">Kontaktnettet v\u00e5rt er etablert gjennom mange \u00e5r i omr\u00e5det.<\/span><\/span><\/p>\n<p><span class=\"jCAhz ChMk0b\"><span class=\"ryNqvb\">Vi har kvalifiserte fagfolk i ulike kategorier. Og vi gir r\u00e5d om<strong> eiendomstjenester<\/strong><\/span><\/span><\/p>\n<p>[\/et_pb_text][et_pb_heading title=&raquo;Tjenester for utlendinger og ikke-bosatte i Spania&raquo; _builder_version=&raquo;4.27.4&#8243; _module_preset=&raquo;default&raquo; title_level=&raquo;h3&#8243; title_text_align=&raquo;center&raquo; global_colors_info=&raquo;{}&raquo;][\/et_pb_heading][et_pb_text _builder_version=&raquo;4.27.4&#8243; _module_preset=&raquo;default&raquo; text_font=&raquo;|600|||||||&raquo; text_orientation=&raquo;center&raquo; global_colors_info=&raquo;{}&raquo;]<\/p>\n<p data-start=\"450\" data-end=\"691\">Hos Dinhjelper tilbyr vi omfattende tjenester for utlendinger og ikke-bosatte i Spania, som er utformet for \u00e5 forenkle kj\u00f8p, forvaltning og vedlikehold av eiendommer p\u00e5 Costa Blanca og andre omr\u00e5der av landet.<\/p>\n<p data-start=\"693\" data-end=\"871\">Vi bist\u00e5r v\u00e5re internasjonale kunder med alle juridiske, skattemessige og administrative formaliteter som er n\u00f8dvendige for \u00e5 investere eller bo i Spania med trygghet og sikkerhet.<\/p>\n<p>[\/et_pb_text][\/et_pb_column][\/et_pb_row][et_pb_row column_structure=&raquo;1_5,1_5,1_5,1_5,1_5&#8243; _builder_version=&raquo;4.27.4&#8243; _module_preset=&raquo;default&raquo; global_colors_info=&raquo;{}&raquo;][et_pb_column type=&raquo;1_5&#8243; _builder_version=&raquo;4.27.4&#8243; _module_preset=&raquo;default&raquo; global_colors_info=&raquo;{}&raquo;][et_pb_blurb title=&raquo;Oppbevaring av n\u00f8kler &raquo; url=&raquo;#almacenamiento&raquo; use_icon=&raquo;on&raquo; font_icon=&raquo;&#xe001;||divi||400&#8243; image_icon_width=&raquo;50px&raquo; _builder_version=&raquo;4.27.4&#8243; _module_preset=&raquo;default&raquo; header_level=&raquo;h3&#8243; header_font=&raquo;|600|||||||&raquo; text_orientation=&raquo;center&raquo; custom_padding=&raquo;10%|5%|10%|5%|true|true&raquo; global_colors_info=&raquo;{}&raquo;]<\/p>\n<p>Oppbevar n\u00f8klene til eiendommen din i Spania p\u00e5 v\u00e5rt kontor<\/p>\n<p>[\/et_pb_blurb][\/et_pb_column][et_pb_column type=&raquo;1_5&#8243; _builder_version=&raquo;4.27.4&#8243; _module_preset=&raquo;default&raquo; global_colors_info=&raquo;{}&raquo;][et_pb_blurb title=&raquo;Spansk testament&raquo; url=&raquo;#testamentos&raquo; use_icon=&raquo;on&raquo; font_icon=&raquo;&#x69;||divi||400&#8243; image_icon_width=&raquo;50px&raquo; _builder_version=&raquo;4.27.4&#8243; _module_preset=&raquo;default&raquo; header_level=&raquo;h3&#8243; header_font=&raquo;|600|||||||&raquo; text_orientation=&raquo;center&raquo; custom_padding=&raquo;10%|5%|10%|5%|true|true&raquo; global_colors_info=&raquo;{}&raquo;]<\/p>\n<p>Vi hjelper deg med profesjonelle partnere<\/p>\n<p>[\/et_pb_blurb][\/et_pb_column][et_pb_column type=&raquo;1_5&#8243; _builder_version=&raquo;4.27.4&#8243; _module_preset=&raquo;default&raquo; global_colors_info=&raquo;{}&raquo;][et_pb_blurb title=&raquo;NIE-nummer&raquo; url=&raquo;#nie&raquo; use_icon=&raquo;on&raquo; font_icon=&raquo;&#xf2bb;||fa||900&#8243; image_icon_width=&raquo;50px&raquo; _builder_version=&raquo;4.27.4&#8243; _module_preset=&raquo;default&raquo; header_level=&raquo;h3&#8243; header_font=&raquo;|600|||||||&raquo; text_orientation=&raquo;center&raquo; custom_padding=&raquo;10%|5%|10%|5%|true|true&raquo; global_colors_info=&raquo;{}&raquo;]<\/p>\n<p>P\u00e5krevd for \u00e5 kj\u00f8pe eiendom i Spania<\/p>\n<p>[\/et_pb_blurb][\/et_pb_column][et_pb_column type=&raquo;1_5&#8243; _builder_version=&raquo;4.27.4&#8243; _module_preset=&raquo;default&raquo; global_colors_info=&raquo;{}&raquo;][et_pb_blurb title=&raquo;Selvangivelse for ikke fastboende boligeiere&raquo; url=&raquo;#renta&raquo; use_icon=&raquo;on&raquo; font_icon=&raquo;&#xf688;||fa||900&#8243; image_icon_width=&raquo;50px&raquo; _builder_version=&raquo;4.27.4&#8243; _module_preset=&raquo;default&raquo; header_level=&raquo;h3&#8243; header_font=&raquo;|600|||||||&raquo; text_orientation=&raquo;center&raquo; custom_padding=&raquo;10%|5%|10%|5%|true|true&raquo; global_colors_info=&raquo;{}&raquo;]<\/p>\n<p>For ikke-residente boligeiere<\/p>\n<p>[\/et_pb_blurb][\/et_pb_column][et_pb_column type=&raquo;1_5&#8243; _builder_version=&raquo;4.27.4&#8243; _module_preset=&raquo;default&raquo; global_colors_info=&raquo;{}&raquo;][et_pb_blurb title=&raquo;VEKSLING AV VALUTA&raquo; url=&raquo;#divisas&raquo; use_icon=&raquo;on&raquo; font_icon=&raquo;&#xf51e;||fa||900&#8243; image_icon_width=&raquo;50px&raquo; _builder_version=&raquo;4.27.4&#8243; _module_preset=&raquo;default&raquo; header_level=&raquo;h3&#8243; header_font=&raquo;|600|||||||&raquo; text_orientation=&raquo;center&raquo; custom_padding=&raquo;10%|5%|10%|5%|true|true&raquo; global_colors_info=&raquo;{}&raquo;]<\/p>\n<p>Unng\u00e5 h\u00f8ye gebyrer og ugunstige valutakurser.<\/p>\n<p>[\/et_pb_blurb][\/et_pb_column][\/et_pb_row][\/et_pb_section][et_pb_section fb_built=&raquo;1&#8243; admin_label=&raquo;About&raquo; _builder_version=&raquo;4.21.0&#8243; _module_preset=&raquo;default&raquo; collapsed=&raquo;off&raquo; global_colors_info=&raquo;{}&raquo;][et_pb_row column_structure=&raquo;1_4,3_4&#8243; module_id=&raquo;almacenamiento&raquo; _builder_version=&raquo;4.27.4&#8243; _module_preset=&raquo;default&raquo; global_colors_info=&raquo;{}&raquo;][et_pb_column type=&raquo;1_4&#8243; _builder_version=&raquo;4.27.4&#8243; _module_preset=&raquo;default&raquo; global_colors_info=&raquo;{}&raquo;][et_pb_blurb title=&raquo;Oppbevaring av n\u00f8kler&raquo; use_icon=&raquo;on&raquo; font_icon=&raquo;&#xe001;||divi||400&#8243; image_icon_width=&raquo;50px&raquo; _builder_version=&raquo;4.27.4&#8243; _module_preset=&raquo;default&raquo; header_level=&raquo;h3&#8243; header_font=&raquo;|600|||||||&raquo; text_orientation=&raquo;center&raquo; custom_padding=&raquo;10%|5%|10%|5%|true|true&raquo; hover_enabled=&raquo;0&#8243; global_colors_info=&raquo;{}&raquo; sticky_enabled=&raquo;0&#8243;][\/et_pb_blurb][\/et_pb_column][et_pb_column type=&raquo;3_4&#8243; _builder_version=&raquo;4.27.4&#8243; _module_preset=&raquo;default&raquo; global_colors_info=&raquo;{}&raquo;][et_pb_text _builder_version=&raquo;4.27.4&#8243; _module_preset=&raquo;db36cb93-2306-47b0-8d5d-1a6312353465&#8243; global_colors_info=&raquo;{}&raquo;]<\/p>\n<p>Vi tilbyr deponering av n\u00f8klene til din eiendommen i Spania p\u00e5 v\u00e5rt kontor, slik at de er tilgjengelige for deg eller andre personer du stoler p\u00e5. Dette kan v\u00e6re nyttig for deg som trenger \u00e5 ha en n\u00f8kkel tilgjengelig mens du er i utlandet, eller som trenger at en annen person har tilgang til eiendommen. <\/p>\n<p>[\/et_pb_text][\/et_pb_column][\/et_pb_row][et_pb_row _builder_version=&raquo;4.27.4&#8243; _module_preset=&raquo;default&raquo; global_colors_info=&raquo;{}&raquo;][et_pb_column type=&raquo;4_4&#8243; _builder_version=&raquo;4.27.4&#8243; _module_preset=&raquo;default&raquo; global_colors_info=&raquo;{}&raquo;][et_pb_divider _builder_version=&raquo;4.27.4&#8243; _module_preset=&raquo;default&raquo; global_colors_info=&raquo;{}&raquo;][\/et_pb_divider][\/et_pb_column][\/et_pb_row][et_pb_row column_structure=&raquo;1_4,3_4&#8243; module_id=&raquo;testamentos&raquo; _builder_version=&raquo;4.27.4&#8243; _module_preset=&raquo;default&raquo; global_colors_info=&raquo;{}&raquo;][et_pb_column type=&raquo;1_4&#8243; _builder_version=&raquo;4.27.4&#8243; _module_preset=&raquo;default&raquo; global_colors_info=&raquo;{}&raquo;][et_pb_blurb title=&raquo;Spansk testament&raquo; use_icon=&raquo;on&raquo; font_icon=&raquo;&#x69;||divi||400&#8243; image_icon_width=&raquo;50px&raquo; _builder_version=&raquo;4.27.4&#8243; _module_preset=&raquo;default&raquo; header_level=&raquo;h3&#8243; header_font=&raquo;|600|||||||&raquo; text_orientation=&raquo;center&raquo; custom_padding=&raquo;10%|5%|10%|5%|true|true&raquo; global_colors_info=&raquo;{}&raquo;]<\/p>\n<p>Vi hjelper deg med profesjonelle partnere<\/p>\n<p>[\/et_pb_blurb][\/et_pb_column][et_pb_column type=&raquo;3_4&#8243; _builder_version=&raquo;4.27.4&#8243; _module_preset=&raquo;default&raquo; global_colors_info=&raquo;{}&raquo;][et_pb_text _builder_version=&raquo;4.27.4&#8243; _module_preset=&raquo;db36cb93-2306-47b0-8d5d-1a6312353465&#8243; global_colors_info=&raquo;{}&raquo;]<\/p>\n<p>Et spansk testament vil gj\u00f8re skifte i Spania enklere.<br \/>\u00d8nsker du \u00e5 opprette et testament \u2013 kontakt oss.   <\/p>\n<p>[\/et_pb_text][\/et_pb_column][\/et_pb_row][et_pb_row _builder_version=&raquo;4.27.4&#8243; _module_preset=&raquo;default&raquo; global_colors_info=&raquo;{}&raquo;][et_pb_column type=&raquo;4_4&#8243; _builder_version=&raquo;4.27.4&#8243; _module_preset=&raquo;default&raquo; global_colors_info=&raquo;{}&raquo;][et_pb_divider _builder_version=&raquo;4.27.4&#8243; _module_preset=&raquo;default&raquo; global_colors_info=&raquo;{}&raquo;][\/et_pb_divider][\/et_pb_column][\/et_pb_row][et_pb_row column_structure=&raquo;1_4,3_4&#8243; module_id=&raquo;nie&raquo; _builder_version=&raquo;4.27.4&#8243; _module_preset=&raquo;default&raquo; global_colors_info=&raquo;{}&raquo;][et_pb_column type=&raquo;1_4&#8243; _builder_version=&raquo;4.27.4&#8243; _module_preset=&raquo;default&raquo; global_colors_info=&raquo;{}&raquo;][et_pb_blurb title=&raquo;NIE-nummer&raquo; use_icon=&raquo;on&raquo; font_icon=&raquo;&#xf2bb;||fa||900&#8243; image_icon_width=&raquo;50px&raquo; _builder_version=&raquo;4.27.4&#8243; _module_preset=&raquo;default&raquo; header_level=&raquo;h3&#8243; header_font=&raquo;|600|||||||&raquo; text_orientation=&raquo;center&raquo; custom_padding=&raquo;10%|5%|10%|5%|true|true&raquo; global_colors_info=&raquo;{}&raquo;]<\/p>\n<p>N\u00f8dvendig for utlendinger som vil kj\u00f8pe eiendom i Spania<\/p>\n<p>[\/et_pb_blurb][\/et_pb_column][et_pb_column type=&raquo;3_4&#8243; _builder_version=&raquo;4.27.4&#8243; _module_preset=&raquo;default&raquo; global_colors_info=&raquo;{}&raquo;][et_pb_text _builder_version=&raquo;4.27.4&#8243; _module_preset=&raquo;db36cb93-2306-47b0-8d5d-1a6312353465&#8243; global_colors_info=&raquo;{}&raquo;]<\/p>\n<p>Vi tilbyr personlig assistanse i forbindelse med innhenting av NIE (utlendingers identifikasjonsnummer), som er en forutsetning for \u00e5 kj\u00f8pe hus, bil eller b\u00e5t i Spania. V\u00e5re fagfolk vil veilede deg gjennom hele s\u00f8knadsprosessen.   <\/p>\n<p>[\/et_pb_text][\/et_pb_column][\/et_pb_row][et_pb_row _builder_version=&raquo;4.27.4&#8243; _module_preset=&raquo;default&raquo; global_colors_info=&raquo;{}&raquo;][et_pb_column type=&raquo;4_4&#8243; _builder_version=&raquo;4.27.4&#8243; _module_preset=&raquo;default&raquo; global_colors_info=&raquo;{}&raquo;][et_pb_divider _builder_version=&raquo;4.27.4&#8243; _module_preset=&raquo;default&raquo; global_colors_info=&raquo;{}&raquo;][\/et_pb_divider][\/et_pb_column][\/et_pb_row][et_pb_row column_structure=&raquo;1_4,3_4&#8243; module_id=&raquo;renta&raquo; _builder_version=&raquo;4.27.4&#8243; _module_preset=&raquo;default&raquo; global_colors_info=&raquo;{}&raquo;][et_pb_column type=&raquo;1_4&#8243; _builder_version=&raquo;4.27.4&#8243; _module_preset=&raquo;default&raquo; global_colors_info=&raquo;{}&raquo;][et_pb_blurb title=&raquo;Selvangivelse for ikke fastboende boligeiere&raquo; use_icon=&raquo;on&raquo; font_icon=&raquo;&#xf688;||fa||900&#8243; image_icon_width=&raquo;50px&raquo; _builder_version=&raquo;4.27.4&#8243; _module_preset=&raquo;default&raquo; header_level=&raquo;h3&#8243; header_font=&raquo;|600|||||||&raquo; text_orientation=&raquo;center&raquo; custom_padding=&raquo;10%|5%|10%|5%|true|true&raquo; global_colors_info=&raquo;{}&raquo;]<\/p>\n<p>for ikke-residente med eiendom i Spania<\/p>\n<p>[\/et_pb_blurb][\/et_pb_column][et_pb_column type=&raquo;3_4&#8243; _builder_version=&raquo;4.27.4&#8243; _module_preset=&raquo;default&raquo; global_colors_info=&raquo;{}&raquo;][et_pb_text _builder_version=&raquo;4.27.4&#8243; _module_preset=&raquo;db36cb93-2306-47b0-8d5d-1a6312353465&#8243; global_colors_info=&raquo;{}&raquo;]<\/p>\n<p>Vi tilbyr bistand med innlevering av selvangivelse for ikke residente boligeiere i Spania.  <\/p>\n<p>[\/et_pb_text][\/et_pb_column][\/et_pb_row][et_pb_row _builder_version=&raquo;4.27.4&#8243; _module_preset=&raquo;default&raquo; global_colors_info=&raquo;{}&raquo;][et_pb_column type=&raquo;4_4&#8243; _builder_version=&raquo;4.27.4&#8243; _module_preset=&raquo;default&raquo; global_colors_info=&raquo;{}&raquo;][et_pb_divider _builder_version=&raquo;4.27.4&#8243; _module_preset=&raquo;default&raquo; global_colors_info=&raquo;{}&raquo;][\/et_pb_divider][\/et_pb_column][\/et_pb_row][et_pb_row column_structure=&raquo;1_4,3_4&#8243; module_id=&raquo;divisas&raquo; _builder_version=&raquo;4.27.4&#8243; _module_preset=&raquo;default&raquo; global_colors_info=&raquo;{}&raquo;][et_pb_column type=&raquo;1_4&#8243; _builder_version=&raquo;4.27.4&#8243; _module_preset=&raquo;default&raquo; global_colors_info=&raquo;{}&raquo;][et_pb_blurb title=&raquo;VEKSLING AV VALUTA&raquo; use_icon=&raquo;on&raquo; font_icon=&raquo;&#xf51e;||fa||900&#8243; image_icon_width=&raquo;50px&raquo; _builder_version=&raquo;4.27.4&#8243; _module_preset=&raquo;default&raquo; header_level=&raquo;h3&#8243; header_font=&raquo;|600|||||||&raquo; text_orientation=&raquo;center&raquo; custom_padding=&raquo;10%|5%|10%|5%|true|true&raquo; global_colors_info=&raquo;{}&raquo;]<\/p>\n<p>Unng\u00e5 h\u00f8ye gebyrer og ugunstige valutakurser.<\/p>\n<p>[\/et_pb_blurb][\/et_pb_column][et_pb_column type=&raquo;3_4&#8243; _builder_version=&raquo;4.27.4&#8243; _module_preset=&raquo;default&raquo; global_colors_info=&raquo;{}&raquo;][et_pb_text _builder_version=&raquo;4.27.4&#8243; _module_preset=&raquo;db36cb93-2306-47b0-8d5d-1a6312353465&#8243; global_colors_info=&raquo;{}&raquo;]<\/p>\n<p>Unng\u00e5 kostbare gebyrer og d\u00e5rlige valutakurser \u2013 bruk Currencies Direct.<br \/>Currencies Direct er et av de st\u00f8rste valutaselskapene i verden, og med egen Skandinavisk avdeling.<br \/>Kontakt oss &#8211; og vi setter opp et uforpliktende m\u00f8te.    <\/p>\n<p>[\/et_pb_text][\/et_pb_column][\/et_pb_row][et_pb_row _builder_version=&raquo;4.27.4&#8243; _module_preset=&raquo;default&raquo; global_colors_info=&raquo;{}&raquo;][et_pb_column type=&raquo;4_4&#8243; _builder_version=&raquo;4.27.4&#8243; _module_preset=&raquo;default&raquo; global_colors_info=&raquo;{}&raquo;][et_pb_divider _builder_version=&raquo;4.27.4&#8243; _module_preset=&raquo;default&raquo; global_colors_info=&raquo;{}&raquo;][\/et_pb_divider][\/et_pb_column][\/et_pb_row][et_pb_row column_structure=&raquo;2_5,3_5&#8243; use_custom_gutter=&raquo;on&raquo; gutter_width=&raquo;2&#8243; make_equal=&raquo;on&raquo; _builder_version=&raquo;4.27.4&#8243; _module_preset=&raquo;default&raquo; global_colors_info=&raquo;{}&raquo;][et_pb_column type=&raquo;2_5&#8243; _builder_version=&raquo;4.27.4&#8243; _module_preset=&raquo;default&raquo; background_color=&raquo;gcid-3739f6af-6ec3-431f-9233-3cdc85f4270b&raquo; custom_padding=&raquo;50px|50px|50px|50px|true|true&raquo; custom_padding_tablet=&raquo;30px|30px|30px|30px|true|true&raquo; custom_padding_phone=&raquo;20px|20px|20px|20px|true|true&raquo; custom_padding_last_edited=&raquo;on|desktop&raquo; border_radii=&raquo;on|10px|10px|10px|10px&raquo; global_colors_info=&raquo;{%22gcid-3739f6af-6ec3-431f-9233-3cdc85f4270b%22:%91%22background_color%22%93}&raquo;][et_pb_cta title=&raquo;DINHJELPER-REALESTATE.COM&raquo; button_url=&raquo;https:\/\/www.dinhjelper-realestate.com\/&raquo; button_text=&raquo;SE EIENDOMMER&raquo; _builder_version=&raquo;4.27.4&#8243; _module_preset=&raquo;default&raquo; header_font=&raquo;Oswald||||||||&raquo; custom_button=&raquo;on&raquo; button_font=&raquo;Oswald||||||||&raquo; global_colors_info=&raquo;{}&raquo;]<\/p>\n<p>Eiendomsmegler i Alfaz del P\u00ed<\/p>\n<p>Se v\u00e5re eiendommer til salgs<\/p>\n<p>[\/et_pb_cta][\/et_pb_column][et_pb_column type=&raquo;3_5&#8243; _builder_version=&raquo;4.27.4&#8243; _module_preset=&raquo;default&raquo; background_image=&raquo;https:\/\/dinhjelper.com\/wp-content\/uploads\/propiedades-dinhjelper.jpg&raquo; border_radii=&raquo;on|10px|10px|10px|10px&raquo; global_colors_info=&raquo;{}&raquo;][et_pb_divider show_divider=&raquo;off&raquo; _builder_version=&raquo;4.21.0&#8243; _module_preset=&raquo;default&raquo; height_tablet=&raquo;40vw&raquo; height_phone=&raquo;40vw&raquo; height_last_edited=&raquo;on|desktop&raquo; locked=&raquo;off&raquo; global_colors_info=&raquo;{}&raquo;][\/et_pb_divider][\/et_pb_column][\/et_pb_row][\/et_pb_section]<\/p>\n","protected":false},"excerpt":{"rendered":"<p>DINHJELPER.COMTJENESTERKontaktnettet v\u00e5rt er etablert gjennom mange \u00e5r i omr\u00e5det. Vi har kvalifiserte fagfolk i ulike kategorier. Og vi gir r\u00e5d om eiendomstjenesterHos Dinhjelper tilbyr vi omfattende tjenester for utlendinger og ikke-bosatte i Spania, som er utformet for \u00e5 forenkle kj\u00f8p, forvaltning og vedlikehold av eiendommer p\u00e5 Costa Blanca og andre omr\u00e5der av landet. Vi bist\u00e5r [&hellip;]<\/p>\n","protected":false},"author":2,"featured_media":0,"parent":0,"menu_order":0,"comment_status":"closed","ping_status":"closed","template":"","meta":{"_et_pb_use_builder":"on","_et_pb_old_content":"","_et_gb_content_width":"","footnotes":""},"class_list":["post-7819","page","type-page","status-publish","hentry"],"_links":{"self":[{"href":"https:\/\/dinhjelper.com\/no\/wp-json\/wp\/v2\/pages\/7819","targetHints":{"allow":["GET"]}}],"collection":[{"href":"https:\/\/dinhjelper.com\/no\/wp-json\/wp\/v2\/pages"}],"about":[{"href":"https:\/\/dinhjelper.com\/no\/wp-json\/wp\/v2\/types\/page"}],"author":[{"embeddable":true,"href":"https:\/\/dinhjelper.com\/no\/wp-json\/wp\/v2\/users\/2"}],"replies":[{"embeddable":true,"href":"https:\/\/dinhjelper.com\/no\/wp-json\/wp\/v2\/comments?post=7819"}],"version-history":[{"count":5,"href":"https:\/\/dinhjelper.com\/no\/wp-json\/wp\/v2\/pages\/7819\/revisions"}],"predecessor-version":[{"id":9113,"href":"https:\/\/dinhjelper.com\/no\/wp-json\/wp\/v2\/pages\/7819\/revisions\/9113"}],"wp:attachment":[{"href":"https:\/\/dinhjelper.com\/no\/wp-json\/wp\/v2\/media?parent=7819"}],"curies":[{"name":"wp","href":"https:\/\/api.w.org\/{rel}","templated":true}]}}